{"id":97,"date":"2013-06-11T18:26:54","date_gmt":"2013-06-11T16:26:54","guid":{"rendered":"http:\/\/www.new.kosakowo.net\/?page_id=97"},"modified":"2021-05-19T21:59:11","modified_gmt":"2021-05-19T19:59:11","slug":"cennik-2","status":"publish","type":"page","link":"https:\/\/www.kosakowo.net\/?page_id=97","title":{"rendered":"technologia"},"content":{"rendered":"<p style=\"text-align: justify;\">Telefonia Cyfrowa Pro internet (TCP) jest us\u0142ug\u0105 umo\u017cliwiaj\u0105c\u0105 prowadzenie rozm\u00f3w telefonicznych z wykorzystaniem standardowego aparatu telefonicznego. Po podpisaniu umowy abonenckiej na TCP, Pro-internet instaluje u Klienta w domu tzw. bramk\u0119 telefoniczn\u0105, umo\u017cliwiaj\u0105c\u0105 pod\u0142\u0105czenie do dw\u00f3ch niezale\u017cnych linii telefonicznych oraz Internetu do komputera.<\/p>\n<p style=\"text-align: justify;\">Bramka telefoniczna pod\u0142\u0105czona zostaje do istniej\u0105cego okablowania strukturalnego Ethernet, w zwi\u0105zku z czym nie ma konieczno\u015bci wprowadzania jakichkolwiek dodatkowych kabli do mieszkania Abonenta.<\/p>\n<p style=\"text-align: center;\">Schemat pod\u0142\u0105czenia bramki zosta\u0142 zaprezentowany na poni\u017cszym rysunku:<\/p>\n<p style=\"text-align: center;\"><img loading=\"lazy\" src=\"\/wp-content\/uploads\/2013\/06\/schematbramki.jpg\" alt=\"schematbramki\" width=\"600\" height=\"267\"><\/p>\n<p style=\"text-align: justify;\">Celem korzystania z us\u0142ugi TCP, Pro internet udost\u0119pnia Klientom profesjonalne bramki firmy Linksys-Cisco. Urz\u0105dzenia te ciesz\u0105 si\u0119 bardzo dobr\u0105 opini\u0105 w\u015br\u00f3d u\u017cytkownik\u00f3w, zyskuj\u0105c uznanie za bezawaryjn\u0105 i stabiln\u0105 prac\u0119.<\/p>\n<p style=\"text-align: center;\"><img loading=\"lazy\" class=\"alignnone size-full wp-image-417\" src=\"\/wp-content\/uploads\/2013\/06\/pap2.jpg\" alt=\"pap2\" width=\"200\" height=\"121\"><\/p>\n","protected":false},"excerpt":{"rendered":"<p>Telefonia Cyfrowa Pro internet (TCP) jest us\u0142ug\u0105 umo\u017cliwiaj\u0105c\u0105 prowadzenie rozm\u00f3w telefonicznych z wykorzystaniem standardowego aparatu telefonicznego. Po podpisaniu umowy abonenckiej na TCP, Pro-internet instaluje u Klienta w domu tzw. bramk\u0119 telefoniczn\u0105, umo\u017cliwiaj\u0105c\u0105 pod\u0142\u0105czenie do dw\u00f3ch niezale\u017cnych linii telefonicznych oraz Internetu do komputera. Bramka telefoniczna pod\u0142\u0105czona zostaje do istniej\u0105cego okablowania strukturalnego Ethernet, w zwi\u0105zku z czym [&hellip;]<\/p>\n","protected":false},"author":3,"featured_media":0,"parent":0,"menu_order":0,"comment_status":"open","ping_status":"open","template":"","meta":[],"_links":{"self":[{"href":"https:\/\/www.kosakowo.net\/index.php?rest_route=\/wp\/v2\/pages\/97"}],"collection":[{"href":"https:\/\/www.kosakowo.net\/index.php?rest_route=\/wp\/v2\/pages"}],"about":[{"href":"https:\/\/www.kosakowo.net\/index.php?rest_route=\/wp\/v2\/types\/page"}],"author":[{"embeddable":true,"href":"https:\/\/www.kosakowo.net\/index.php?rest_route=\/wp\/v2\/users\/3"}],"replies":[{"embeddable":true,"href":"https:\/\/www.kosakowo.net\/index.php?rest_route=%2Fwp%2Fv2%2Fcomments&post=97"}],"version-history":[{"count":13,"href":"https:\/\/www.kosakowo.net\/index.php?rest_route=\/wp\/v2\/pages\/97\/revisions"}],"predecessor-version":[{"id":1819,"href":"https:\/\/www.kosakowo.net\/index.php?rest_route=\/wp\/v2\/pages\/97\/revisions\/1819"}],"wp:attachment":[{"href":"https:\/\/www.kosakowo.net\/index.php?rest_route=%2Fwp%2Fv2%2Fmedia&parent=97"}],"curies":[{"name":"wp","href":"https:\/\/api.w.org\/{rel}","templated":true}]}}