{"id":94,"date":"2013-06-11T18:26:30","date_gmt":"2013-06-11T16:26:30","guid":{"rendered":"http:\/\/www.new.kosakowo.net\/?page_id=94"},"modified":"2021-05-19T21:58:31","modified_gmt":"2021-05-19T19:58:31","slug":"fax-2-email","status":"publish","type":"page","link":"https:\/\/www.kosakowo.net\/?page_id=94","title":{"rendered":"fax-2-email"},"content":{"rendered":"<p style=\"text-align: justify;\">Us\u0142uga \u201e<strong>Fax-2-email<\/strong>\u201d umo\u017cliwia odbieranie faks\u00f3w i przekazywanie ich na konto e-mail wskazane przez Abonenta w Panelu Administracyjnym. Fax przychodzi na takie konto w wersji elektronicznej, w postaci pliku PDF. &nbsp;Posiadanie faksu w wersji elektronicznej daje dodatkowe korzy\u015bci:<\/p>\n<p style=\"text-align: left;\">&#8211; \u0142atwo\u015b\u0107 archiwizacji otrzymywanych faks\u00f3w,<br \/>\n&#8211; mo\u017cliwo\u015b\u0107 wydrukowania faksu,<br \/>\n&#8211; mo\u017cliwo\u015b\u0107 przes\u0142ania dokumentu do kolejnych os\u00f3b &nbsp;w wersji elektronicznej (nie ma konieczno\u015bci posiadania skanera).<\/p>\n<p style=\"text-align: justify;\">Istnieje r\u00f3wnie\u017c mo\u017cliwo\u015b\u0107 wysy\u0142ania plik\u00f3w PDF lub TIFF z dysku komputera jako wiadomo\u015bci faksowej.<\/p>\n<p style=\"text-align: justify;\"><img loading=\"lazy\" class=\"alignnone size-full wp-image-526\" alt=\"kosa5\" src=\"\/wp-content\/uploads\/kosa5.jpg\" width=\"615\" height=\"255\"><\/p>\n","protected":false},"excerpt":{"rendered":"<p>Us\u0142uga \u201eFax-2-email\u201d umo\u017cliwia odbieranie faks\u00f3w i przekazywanie ich na konto e-mail wskazane przez Abonenta w Panelu Administracyjnym. Fax przychodzi na takie konto w wersji elektronicznej, w postaci pliku PDF. &nbsp;Posiadanie faksu w wersji elektronicznej daje dodatkowe korzy\u015bci: &#8211; \u0142atwo\u015b\u0107 archiwizacji otrzymywanych faks\u00f3w, &#8211; mo\u017cliwo\u015b\u0107 wydrukowania faksu, &#8211; mo\u017cliwo\u015b\u0107 przes\u0142ania dokumentu do kolejnych os\u00f3b &nbsp;w wersji [&hellip;]<\/p>\n","protected":false},"author":1,"featured_media":0,"parent":0,"menu_order":0,"comment_status":"open","ping_status":"open","template":"","meta":[],"_links":{"self":[{"href":"https:\/\/www.kosakowo.net\/index.php?rest_route=\/wp\/v2\/pages\/94"}],"collection":[{"href":"https:\/\/www.kosakowo.net\/index.php?rest_route=\/wp\/v2\/pages"}],"about":[{"href":"https:\/\/www.kosakowo.net\/index.php?rest_route=\/wp\/v2\/types\/page"}],"author":[{"embeddable":true,"href":"https:\/\/www.kosakowo.net\/index.php?rest_route=\/wp\/v2\/users\/1"}],"replies":[{"embeddable":true,"href":"https:\/\/www.kosakowo.net\/index.php?rest_route=%2Fwp%2Fv2%2Fcomments&post=94"}],"version-history":[{"count":6,"href":"https:\/\/www.kosakowo.net\/index.php?rest_route=\/wp\/v2\/pages\/94\/revisions"}],"predecessor-version":[{"id":1815,"href":"https:\/\/www.kosakowo.net\/index.php?rest_route=\/wp\/v2\/pages\/94\/revisions\/1815"}],"wp:attachment":[{"href":"https:\/\/www.kosakowo.net\/index.php?rest_route=%2Fwp%2Fv2%2Fmedia&parent=94"}],"curies":[{"name":"wp","href":"https:\/\/api.w.org\/{rel}","templated":true}]}}