{"id":93,"date":"2013-06-11T18:26:19","date_gmt":"2013-06-11T16:26:19","guid":{"rendered":"http:\/\/www.new.kosakowo.net\/?page_id=93"},"modified":"2021-05-19T21:59:32","modified_gmt":"2021-05-19T19:59:32","slug":"korzysci-dla-klienta-3","status":"publish","type":"page","link":"https:\/\/www.kosakowo.net\/?page_id=93","title":{"rendered":"korzy\u015bci dla klienta"},"content":{"rendered":"<p style=\"text-align: justify;\">Poni\u017cej prezentujemy podstawowe funkcjonalno\u015bci us\u0142ugi Telefonii Cyfrowej Pro internet (TCP) i wynikaj\u0105ce z nich korzy\u015bci dla Abonenta:<\/p>\n<p style=\"text-align: justify;\"><span style=\"color: #e20026;\"><strong>1. Numer telefoniczny<\/strong><\/span><br \/>\nKa\u017cdy Klient korzystaj\u0105cy z us\u0142ug TCP otrzymuje w ramach abonamentu publiczny numer telefoniczny ze strefy numeracyjnej (058), &nbsp;np. 0 58&nbsp;735-05-00. Dzi\u0119ki temu us\u0142uga jest w pe\u0142ni funkcjonalna \u2013 mo\u017cna zar\u00f3wno wykonywa\u0107 jak i odbiera\u0107 po\u0142\u0105czenia telefoniczne.<\/p>\n<p style=\"text-align: justify;\"><span style=\"color: #e20026;\"><strong>2. Niski abonament<\/strong><\/span><br \/>\nAbonament miesi\u0119czny za us\u0142ug\u0119 TCP w przypadku korzystania jednocze\u015bnie z us\u0142ugi dost\u0119pu do Internetu wynosi jedynie 14,90 z\u0142 brutto.<\/p>\n<p style=\"text-align: justify;\"><span style=\"color: #e20026;\"><strong>3. Tanie po\u0142\u0105czenia lokalne i mi\u0119dzymiastowe<\/strong><\/span><br \/>\nOp\u0142aty za po\u0142\u0105czenia lokalne i mi\u0119dzymiastowe w us\u0142udze TCP to jedynie 0,08 z\u0142 brutto za minut\u0119 rozmowy ! Dodatkowo, op\u0142aty za po\u0142\u0105czenia s\u0105 naliczane sekundowo ju\u017c po pierwszej minucie po\u0142\u0105czenia.<\/p>\n<p style=\"text-align: justify;\"><span style=\"color: #e20026;\"><strong>4. Bezp\u0142atne po\u0142\u0105czenia w ramach sieci Pro-internet<\/strong><\/span><br \/>\nWszyscy Klienci us\u0142ugi TCP w Pro internet rozmawiaj\u0105 mi\u0119dzy sob\u0105 ca\u0142kowicie za darmo, przez 24 godziny na dob\u0119, 7 dni w tygodniu, bez ogranicze\u0144 !<\/p>\n<p style=\"text-align: justify;\"><span style=\"color: #e20026;\"><strong>5. Dodatkowe funkcjonalno\u015bci<\/strong><\/span><br \/>\nIstnieje mo\u017cliwo\u015b\u0107 uruchomienia w ramach us\u0142ugi TCP dodatkowych funkcjonalno\u015bci, takich jak \u201eFax-2-email\u201d oraz \u201eVoice-2-email\u201d.<\/p>\n<p style=\"text-align: justify;\"><span style=\"color: #e20026;\"><strong>6. Bezp\u0142atny dost\u0119p do Panelu Administracyjnego i billingu online<\/strong><\/span><br \/>\nKa\u017cdy Abonent us\u0142ugi TCP otrzymuje bezp\u0142atnie dost\u0119p do swojego panelu administracyjnego i billingu online w wersji elektronicznej. W ramach panelu administracyjnego mo\u017cna m.in. zarz\u0105dza\u0107 us\u0142ugami \u201eFax-2-email\u201d i \u201eVoice-2-email\u201d, oraz na bie\u017c\u0105co \u015bledzi\u0107 wykonywane jak i odbierane po\u0142\u0105czenia.<\/p>\n<p style=\"text-align: justify;\"><img loading=\"lazy\" class=\"alignnone size-full wp-image-532\" src=\"http:\/\/www.kosakowo.net\/wp-content\/uploads\/kosa11.jpg\" alt=\"kosa11\" width=\"615\" height=\"260\"><\/p>\n","protected":false},"excerpt":{"rendered":"<p>Poni\u017cej prezentujemy podstawowe funkcjonalno\u015bci us\u0142ugi Telefonii Cyfrowej Pro internet (TCP) i wynikaj\u0105ce z nich korzy\u015bci dla Abonenta: 1. Numer telefoniczny Ka\u017cdy Klient korzystaj\u0105cy z us\u0142ug TCP otrzymuje w ramach abonamentu publiczny numer telefoniczny ze strefy numeracyjnej (058), &nbsp;np. 0 58&nbsp;735-05-00. Dzi\u0119ki temu us\u0142uga jest w pe\u0142ni funkcjonalna \u2013 mo\u017cna zar\u00f3wno wykonywa\u0107 jak i odbiera\u0107 po\u0142\u0105czenia [&hellip;]<\/p>\n","protected":false},"author":3,"featured_media":0,"parent":0,"menu_order":0,"comment_status":"open","ping_status":"open","template":"","meta":[],"_links":{"self":[{"href":"https:\/\/www.kosakowo.net\/index.php?rest_route=\/wp\/v2\/pages\/93"}],"collection":[{"href":"https:\/\/www.kosakowo.net\/index.php?rest_route=\/wp\/v2\/pages"}],"about":[{"href":"https:\/\/www.kosakowo.net\/index.php?rest_route=\/wp\/v2\/types\/page"}],"author":[{"embeddable":true,"href":"https:\/\/www.kosakowo.net\/index.php?rest_route=\/wp\/v2\/users\/3"}],"replies":[{"embeddable":true,"href":"https:\/\/www.kosakowo.net\/index.php?rest_route=%2Fwp%2Fv2%2Fcomments&post=93"}],"version-history":[{"count":11,"href":"https:\/\/www.kosakowo.net\/index.php?rest_route=\/wp\/v2\/pages\/93\/revisions"}],"predecessor-version":[{"id":1821,"href":"https:\/\/www.kosakowo.net\/index.php?rest_route=\/wp\/v2\/pages\/93\/revisions\/1821"}],"wp:attachment":[{"href":"https:\/\/www.kosakowo.net\/index.php?rest_route=%2Fwp%2Fv2%2Fmedia&parent=93"}],"curies":[{"name":"wp","href":"https:\/\/api.w.org\/{rel}","templated":true}]}}