{"id":56,"date":"2013-06-11T18:14:43","date_gmt":"2013-06-11T16:14:43","guid":{"rendered":"http:\/\/www.new.kosakowo.net\/?page_id=56"},"modified":"2020-08-19T18:41:48","modified_gmt":"2020-08-19T16:41:48","slug":"pakiet-multi","status":"publish","type":"page","link":"https:\/\/www.kosakowo.net\/?page_id=56","title":{"rendered":"wniosek o warunki przy\u0142\u0105czenia"},"content":{"rendered":"<p style=\"text-align: center;\"><span style=\"color: #000000;\">CENNIK Us\u0142ugi \u015bwiadczone za pomoc\u0105 \u015bwiat\u0142owodu <strong>FTTH \u2013 Fiber To The Home<\/strong><br \/>\n<strong>Oferta specjalna: telewizja kablowa wraz z telefoni\u0105 cyfrow\u0105 i dost\u0119pem do Internetu<\/strong><\/span><\/p>\n<table style=\"border: 2px solid #ff0000; width: 610px; height: 163px; border-color: #000000;\" border=\"2\" cellspacing=\"0\" cellpadding=\"0\">\n<tbody>\n<tr style=\"background-color: #ff0000;\">\n<td style=\"text-align: center;\"><span style=\"color: #ffffff;\"><strong>PAKIET<\/strong><\/span><\/td>\n<td style=\"text-align: center;\"><span style=\"color: #ffffff;\"><strong>OPIS PAKIETU<\/strong><\/span><\/td>\n<td style=\"text-align: center;\"><span style=\"color: #ffffff;\"><strong>ABONAMENT<\/strong><\/span><br \/>\n<span style=\"color: #ffffff;\"> <strong> MIESI\u0118CZNY<\/strong><\/span><\/td>\n<\/tr>\n<tr>\n<td style=\"text-align: center;\" align=\"center\" valign=\"middle\"><span style=\"color: #ff0000;\"><strong>PAKIET\u00a0MULTI<br \/>\nFIBER OPTI<br \/>\n600<\/strong><\/span><\/td>\n<td><span style=\"color: #ff00ff;\">Telewizja kablowa<\/span> + <span style=\"color: #008000;\">telefonia cyfrowa<\/span> wraz<br \/>\n<span style=\"color: #00ccff;\"><span style=\"color: #000000;\">z dost\u0119pem do<\/span> Internetu<\/span> o nast\u0119puj\u0105cych parametrach:<br \/>\n<span style=\"color: #000000;\">&#8211; przep\u0142ywno\u015b\u0107:<strong>\u00a0600 Mbit\/s<\/strong>,<\/span><br \/>\n<span style=\"color: #000000;\"> &#8211; brak ogranicze\u0144 w ilo\u015bci przesy\u0142anych danych,<\/span><br \/>\n<span style=\"color: #000000;\"> &#8211; \u0142\u0105cze w pe\u0142ni symetryczne.<\/span><\/td>\n<td style=\"text-align: center;\" align=\"center\" valign=\"middle\"><span style=\"color: #ff0000;\"><strong>132,90 z\u0142<\/strong><\/span><\/td>\n<\/tr>\n<tr>\n<td style=\"text-align: center;\" align=\"center\" valign=\"middle\"><span style=\"color: #ff0000;\"><strong>PAKIET\u00a0MULTI<br \/>\nFIBER OPTI<br \/>\n800<\/strong><\/span><\/td>\n<td><span style=\"color: #ff00ff;\">Telewizja kablowa<\/span> + <span style=\"color: #008000;\">telefonia cyfrowa<\/span> wraz<br \/>\n<span style=\"color: #00ccff;\"><span style=\"color: #000000;\">z dost\u0119pem do<\/span> Internetu<\/span> o nast\u0119puj\u0105cych parametrach:<br \/>\n<span style=\"color: #000000;\">&#8211; przep\u0142ywno\u015b\u0107: <strong>800 Mbit\/s<\/strong>,<\/span><br \/>\n<span style=\"color: #000000;\"> &#8211; brak ogranicze\u0144 w ilo\u015bci przesy\u0142anych danych,<\/span><br \/>\n<span style=\"color: #000000;\"> &#8211; \u0142\u0105cze w pe\u0142ni symetryczne.<\/span><\/td>\n<td style=\"text-align: center;\" align=\"center\" valign=\"middle\"><span style=\"color: #ff0000;\"><strong>152,90 z\u0142<\/strong><\/span><\/td>\n<\/tr>\n<tr>\n<td style=\"text-align: center;\" align=\"center\" valign=\"middle\"><span style=\"color: #ff0000;\"><strong>PAKIET\u00a0MULTI<br \/>\nFIBER OPTI<br \/>\n1000<\/strong><\/span><\/td>\n<td><span style=\"color: #ff00ff;\">Telewizja kablowa<\/span> +<span style=\"color: #008000;\"> telefonia cyfrowa<\/span> wraz<br \/>\nz dost\u0119pem do <span style=\"color: #00ccff;\">Internetu<\/span> o nast\u0119puj\u0105cych parametrach:<br \/>\n<span style=\"color: #000000;\">&#8211; przep\u0142ywno\u015b\u0107: <strong>1 Gbit\/s<\/strong>,<\/span><br \/>\n<span style=\"color: #000000;\"> &#8211; brak ogranicze\u0144 w ilo\u015bci przesy\u0142anych danych,<\/span><br \/>\n<span style=\"color: #000000;\"> &#8211; \u0142\u0105cze w pe\u0142ni symetryczne.<\/span><\/td>\n<td style=\"text-align: center;\" align=\"center\" valign=\"middle\"><span style=\"color: #ff0000;\"><strong>172,90 z\u0142<\/strong><\/span><\/td>\n<\/tr>\n<\/tbody>\n<\/table>\n<p style=\"text-align: center;\">Podane ceny s\u0105 cenami brutto (zawieraj\u0105 podatek VAT).<\/p>\n<p style=\"text-align: center;\"><img loading=\"lazy\" class=\"alignnone size-full wp-image-1038\" src=\"http:\/\/www.kosakowo.net\/wp-content\/uploads\/pakiety1c.jpg\" alt=\"pakiety1c\" width=\"615\" height=\"218\" \/><\/p>\n<map name=\"FPMap0\">\n<area coords=\"38, 21, 187, 80\" shape=\"rect\" href=\"http:\/\/www.poig.gov.pl\/Strony\/default.aspx\" target=\"_blank\" \/>\n<area coords=\"420, 28, 562, 76\" shape=\"rect\" href=\"http:\/\/europa.eu\/\" target=\"_blank\" \/> <\/map>\n<p><img loading=\"lazy\" class=\"size-full wp-image-552 alignnone\" style=\"border: 0px; margin: 0px;\" src=\"\/wp-content\/uploads\/unijne.jpg\" alt=\"unijne\" usemap=\"#FPMap0\" width=\"615\" height=\"135\" \/><\/p>\n","protected":false},"excerpt":{"rendered":"<p>CENNIK Us\u0142ugi \u015bwiadczone za pomoc\u0105 \u015bwiat\u0142owodu FTTH \u2013 Fiber To The Home Oferta specjalna: telewizja kablowa wraz z telefoni\u0105 cyfrow\u0105 i dost\u0119pem do Internetu PAKIET OPIS PAKIETU ABONAMENT MIESI\u0118CZNY PAKIET\u00a0MULTI FIBER OPTI 600 Telewizja kablowa + telefonia cyfrowa wraz z dost\u0119pem do Internetu o nast\u0119puj\u0105cych parametrach: &#8211; przep\u0142ywno\u015b\u0107:\u00a0600 Mbit\/s, &#8211; brak ogranicze\u0144 w ilo\u015bci przesy\u0142anych [&hellip;]<\/p>\n","protected":false},"author":3,"featured_media":0,"parent":0,"menu_order":0,"comment_status":"open","ping_status":"open","template":"","meta":[],"_links":{"self":[{"href":"https:\/\/www.kosakowo.net\/index.php?rest_route=\/wp\/v2\/pages\/56"}],"collection":[{"href":"https:\/\/www.kosakowo.net\/index.php?rest_route=\/wp\/v2\/pages"}],"about":[{"href":"https:\/\/www.kosakowo.net\/index.php?rest_route=\/wp\/v2\/types\/page"}],"author":[{"embeddable":true,"href":"https:\/\/www.kosakowo.net\/index.php?rest_route=\/wp\/v2\/users\/3"}],"replies":[{"embeddable":true,"href":"https:\/\/www.kosakowo.net\/index.php?rest_route=%2Fwp%2Fv2%2Fcomments&post=56"}],"version-history":[{"count":13,"href":"https:\/\/www.kosakowo.net\/index.php?rest_route=\/wp\/v2\/pages\/56\/revisions"}],"predecessor-version":[{"id":1111,"href":"https:\/\/www.kosakowo.net\/index.php?rest_route=\/wp\/v2\/pages\/56\/revisions\/1111"}],"wp:attachment":[{"href":"https:\/\/www.kosakowo.net\/index.php?rest_route=%2Fwp%2Fv2%2Fmedia&parent=56"}],"curies":[{"name":"wp","href":"https:\/\/api.w.org\/{rel}","templated":true}]}}