{"id":55,"date":"2013-06-11T18:14:29","date_gmt":"2013-06-11T16:14:29","guid":{"rendered":"http:\/\/www.new.kosakowo.net\/?page_id=55"},"modified":"2016-02-18T17:53:47","modified_gmt":"2016-02-18T16:53:47","slug":"pakiet-extra","status":"publish","type":"page","link":"https:\/\/www.kosakowo.net\/?page_id=55","title":{"rendered":"EXTRA"},"content":{"rendered":"<p style=\"text-align: center;\"><span style=\"color: #000000;\">CENNIK Us\u0142ugi \u015bwiadczone za pomoc\u0105 \u015bwiat\u0142owodu <strong>FTTH \u2013 Fiber To The Home<\/strong><br \/>\n<strong>Oferta specjalna: telefonia cyfrowa wraz z dost\u0119pem do Internetu<\/strong><\/span><\/p>\n<table style=\"border: 2px solid #0066ff; width: 610px; height: 163px; border-color: #000000;\" border=\"2\" cellspacing=\"0\" cellpadding=\"0\">\n<tbody>\n<tr style=\"background-color: #009900;\" align=\"center\" valign=\"middle\">\n<td style=\"text-align: center; background-color: #ff0000;\"><span style=\"color: #ffffff;\"><strong>PAKIET<\/strong><\/span><\/td>\n<td style=\"text-align: center; background-color: #ff0000;\"><span style=\"color: #ffffff;\"><strong>OPIS PAKIETU<\/strong><\/span><\/td>\n<td style=\"text-align: center; background-color: #ff0000;\"><span style=\"color: #ffffff;\"><strong>ABONAMENT<\/strong><\/span><br \/>\n<span style=\"color: #ffffff;\"> <strong> MIESI\u0118CZNY<\/strong><\/span><\/td>\n<\/tr>\n<tr>\n<td style=\"text-align: center;\" align=\"center\" valign=\"middle\"><span style=\"color: #008000;\"><strong>Telefonia<br \/>\n<\/strong><strong>cyfrowaTCP<\/strong><\/span><\/td>\n<td><span style=\"color: #008000;\">Us\u0142uga telefonii cyfrowej:<\/span><br \/>\n&#8211; dla Klient\u00f3w korzystaj\u0105cych z Internetu Pro-internet,<br \/>\n&#8211; dla Klient\u00f3w nie korzystaj\u0105cych z Internetu Pro-internet.<\/td>\n<td style=\"text-align: center;\" align=\"center\" valign=\"middle\"><span style=\"color: #3366ff;\"><strong><br \/>\n<span style=\"color: #008000;\">14,90 z\u0142<\/span><br \/>\n<span style=\"color: #008000;\"> 19,90 z\u0142<\/span><\/strong><\/span><\/td>\n<\/tr>\n<tr>\n<td style=\"text-align: center;\" align=\"center\" valign=\"middle\"><span style=\"color: #ff0000;\"><strong>PAKIET EXTRA<br \/>\nFIBER OPTI<br \/>\n<\/strong><strong>150<\/strong><\/span><\/td>\n<td><span style=\"color: #000000;\"><span style=\"color: #008000;\">Telefonia cyfrowa<\/span> wraz z dost\u0119pem do <span style=\"color: #00ccff;\">Internetu<\/span><\/span><br \/>\n<span style=\"color: #000000;\"> o nast\u0119puj\u0105cych parametrach:<\/span><br \/>\n<span style=\"color: #000000;\"> &#8211; przep\u0142ywno\u015b\u0107:<strong>\u00a0150 Mbit\/s<\/strong>,<\/span><br \/>\n<span style=\"color: #000000;\"> &#8211; brak ogranicze\u0144 w ilo\u015bci przesy\u0142anych danych,<\/span><br \/>\n<span style=\"color: #000000;\"> &#8211; \u0142\u0105cze w pe\u0142ni symetryczne.<\/span><\/td>\n<td style=\"text-align: center;\" align=\"center\" valign=\"middle\"><span style=\"color: #ff0000;\"><strong>73,90 z\u0142<\/strong><\/span><\/td>\n<\/tr>\n<tr>\n<td style=\"text-align: center;\" align=\"center\" valign=\"middle\"><span style=\"color: #ff0000;\"><strong>PAKIET EXTRA<br \/>\nFIBER OPTI<br \/>\n250<\/strong><\/span><\/td>\n<td><span style=\"color: #000000;\"><span style=\"color: #008000;\">Telefonia cyfrowa<\/span> wraz z dost\u0119pem do <span style=\"color: #00ccff;\">Internetu<\/span><\/span><br \/>\n<span style=\"color: #000000;\"> o nast\u0119puj\u0105cych parametrach:<\/span><br \/>\n<span style=\"color: #000000;\"> &#8211; przep\u0142ywno\u015b\u0107: <strong>250 Mbit\/s<\/strong>,<\/span><br \/>\n<span style=\"color: #000000;\"> &#8211; brak ogranicze\u0144 w ilo\u015bci przesy\u0142anych danych,<\/span><br \/>\n<span style=\"color: #000000;\"> &#8211; \u0142\u0105cze w pe\u0142ni symetryczne.<\/span><\/td>\n<td style=\"text-align: center;\" align=\"center\" valign=\"middle\"><span style=\"color: #ff0000;\"><strong>93,90 z\u0142<\/strong><\/span><\/td>\n<\/tr>\n<tr>\n<td style=\"text-align: center;\" align=\"center\" valign=\"middle\"><span style=\"color: #ff0000;\"><strong>PAKIET EXTRA<br \/>\nFIBER OPTI<br \/>\n500<\/strong><\/span><\/td>\n<td><span style=\"color: #000000;\"><span style=\"color: #008000;\">Telefonia cyfrowa<\/span> wraz z dost\u0119pem do <span style=\"color: #00ccff;\">Internetu<\/span><\/span><br \/>\n<span style=\"color: #000000;\"> o nast\u0119puj\u0105cych parametrach:<\/span><br \/>\n<span style=\"color: #000000;\"> &#8211; przep\u0142ywno\u015b\u0107: <strong>500 Mbit\/s<\/strong>,<\/span><br \/>\n<span style=\"color: #000000;\"> &#8211; brak ogranicze\u0144 w ilo\u015bci przesy\u0142anych danych,<\/span><br \/>\n<span style=\"color: #000000;\"> &#8211; \u0142\u0105cze w pe\u0142ni symetryczne.<\/span><\/td>\n<td style=\"text-align: center;\" align=\"center\" valign=\"middle\"><span style=\"color: #ff0000;\"><strong>113,90 z\u0142<\/strong><\/span><\/td>\n<\/tr>\n<\/tbody>\n<\/table>\n<p style=\"text-align: center;\">Podane ceny s\u0105 cenami brutto (zawieraj\u0105 podatek VAT).<\/p>\n<p style=\"text-align: center;\"><img loading=\"lazy\" class=\"alignnone size-full wp-image-1037\" src=\"http:\/\/www.kosakowo.net\/wp-content\/uploads\/pakiety1a.jpg\" alt=\"pakiety1a\" width=\"615\" height=\"218\" \/><\/p>\n<map name=\"FPMap0\">\n<area coords=\"38, 21, 187, 80\" shape=\"rect\" href=\"http:\/\/www.poig.gov.pl\/Strony\/default.aspx\" target=\"_blank\" \/>\n<area coords=\"420, 28, 562, 76\" shape=\"rect\" href=\"http:\/\/europa.eu\/\" target=\"_blank\" \/> <\/map>\n<p><img loading=\"lazy\" class=\"size-full wp-image-552 aligncenter\" style=\"border: 0px; margin: 0px;\" src=\"\/wp-content\/uploads\/unijne.jpg\" alt=\"unijne\" usemap=\"#FPMap0\" width=\"615\" height=\"135\" \/><\/p>\n","protected":false},"excerpt":{"rendered":"<p>CENNIK Us\u0142ugi \u015bwiadczone za pomoc\u0105 \u015bwiat\u0142owodu FTTH \u2013 Fiber To The Home Oferta specjalna: telefonia cyfrowa wraz z dost\u0119pem do Internetu PAKIET OPIS PAKIETU ABONAMENT MIESI\u0118CZNY Telefonia cyfrowaTCP Us\u0142uga telefonii cyfrowej: &#8211; dla Klient\u00f3w korzystaj\u0105cych z Internetu Pro-internet, &#8211; dla Klient\u00f3w nie korzystaj\u0105cych z Internetu Pro-internet. 14,90 z\u0142 19,90 z\u0142 PAKIET EXTRA FIBER OPTI 150 [&hellip;]<\/p>\n","protected":false},"author":1,"featured_media":0,"parent":0,"menu_order":0,"comment_status":"open","ping_status":"open","template":"","meta":[],"_links":{"self":[{"href":"https:\/\/www.kosakowo.net\/index.php?rest_route=\/wp\/v2\/pages\/55"}],"collection":[{"href":"https:\/\/www.kosakowo.net\/index.php?rest_route=\/wp\/v2\/pages"}],"about":[{"href":"https:\/\/www.kosakowo.net\/index.php?rest_route=\/wp\/v2\/types\/page"}],"author":[{"embeddable":true,"href":"https:\/\/www.kosakowo.net\/index.php?rest_route=\/wp\/v2\/users\/1"}],"replies":[{"embeddable":true,"href":"https:\/\/www.kosakowo.net\/index.php?rest_route=%2Fwp%2Fv2%2Fcomments&post=55"}],"version-history":[{"count":22,"href":"https:\/\/www.kosakowo.net\/index.php?rest_route=\/wp\/v2\/pages\/55\/revisions"}],"predecessor-version":[{"id":1039,"href":"https:\/\/www.kosakowo.net\/index.php?rest_route=\/wp\/v2\/pages\/55\/revisions\/1039"}],"wp:attachment":[{"href":"https:\/\/www.kosakowo.net\/index.php?rest_route=%2Fwp%2Fv2%2Fmedia&parent=55"}],"curies":[{"name":"wp","href":"https:\/\/api.w.org\/{rel}","templated":true}]}}