{"id":53,"date":"2013-06-11T18:14:04","date_gmt":"2013-06-11T16:14:04","guid":{"rendered":"http:\/\/www.new.kosakowo.net\/?page_id=53"},"modified":"2025-04-01T13:19:11","modified_gmt":"2025-04-01T11:19:11","slug":"co-to-sa-pakiety","status":"publish","type":"page","link":"https:\/\/www.kosakowo.net\/?page_id=53","title":{"rendered":"internet + TV"},"content":{"rendered":"<p style=\"text-align: center;\"><img loading=\"lazy\" class=\"aligncenter size-full wp-image-2148\" src=\"http:\/\/www.kosakowo.net\/wp-content\/uploads\/elem2025a-1.gif\" alt=\"\" width=\"615\" height=\"609\" \/><\/p>\n<p>Oferta Pakiet\u00f3w Promocyjnych dost\u0119pna tylko dla konsument\u00f3w,\u00a0przy zawarciu umowy abonenckiej na minimum 24 miesi\u0105ce.<\/p>\n<p>Podane ceny s\u0105 cenami brutto (zawieraj\u0105 podatek VAT).<br \/>\nCennik obowi\u0105zuje od dnia 1 kwietnia 2025 roku.<\/p>\n<p><img loading=\"lazy\" width=\"610\" height=\"266\" class=\"alignnone wp-image-376\" src=\"\/wp-content\/uploads\/2013\/06\/pakiety_promocyjne.jpg\" alt=\"pakiety_promocyjne\" srcset=\"https:\/\/www.kosakowo.net\/wp-content\/uploads\/2013\/06\/pakiety_promocyjne.jpg 610w, https:\/\/www.kosakowo.net\/wp-content\/uploads\/2013\/06\/pakiety_promocyjne-300x130.jpg 300w\" sizes=\"(max-width: 610px) 100vw, 610px\" \/><\/p>\n","protected":false},"excerpt":{"rendered":"<p>Oferta Pakiet\u00f3w Promocyjnych dost\u0119pna tylko dla konsument\u00f3w,\u00a0przy zawarciu umowy abonenckiej na minimum 24 miesi\u0105ce. Podane ceny s\u0105 cenami brutto (zawieraj\u0105 podatek VAT). Cennik obowi\u0105zuje od dnia 1 kwietnia 2025 roku.<\/p>\n","protected":false},"author":3,"featured_media":0,"parent":0,"menu_order":0,"comment_status":"open","ping_status":"open","template":"","meta":[],"_links":{"self":[{"href":"https:\/\/www.kosakowo.net\/index.php?rest_route=\/wp\/v2\/pages\/53"}],"collection":[{"href":"https:\/\/www.kosakowo.net\/index.php?rest_route=\/wp\/v2\/pages"}],"about":[{"href":"https:\/\/www.kosakowo.net\/index.php?rest_route=\/wp\/v2\/types\/page"}],"author":[{"embeddable":true,"href":"https:\/\/www.kosakowo.net\/index.php?rest_route=\/wp\/v2\/users\/3"}],"replies":[{"embeddable":true,"href":"https:\/\/www.kosakowo.net\/index.php?rest_route=%2Fwp%2Fv2%2Fcomments&post=53"}],"version-history":[{"count":42,"href":"https:\/\/www.kosakowo.net\/index.php?rest_route=\/wp\/v2\/pages\/53\/revisions"}],"predecessor-version":[{"id":2150,"href":"https:\/\/www.kosakowo.net\/index.php?rest_route=\/wp\/v2\/pages\/53\/revisions\/2150"}],"wp:attachment":[{"href":"https:\/\/www.kosakowo.net\/index.php?rest_route=%2Fwp%2Fv2%2Fmedia&parent=53"}],"curies":[{"name":"wp","href":"https:\/\/api.w.org\/{rel}","templated":true}]}}