{"id":502,"date":"2013-08-05T12:29:55","date_gmt":"2013-08-05T10:29:55","guid":{"rendered":"http:\/\/www.new.kosakowo.net\/?page_id=502"},"modified":"2021-05-19T22:01:35","modified_gmt":"2021-05-19T20:01:35","slug":"korzysci-3","status":"publish","type":"page","link":"https:\/\/www.kosakowo.net\/?page_id=502","title":{"rendered":"korzy\u015bci"},"content":{"rendered":"<p>Zaproponowana przez <strong>Pro internet<\/strong> technologia, charakteryzuje si\u0119 szeregiem istotnych<br \/>\nzalet i przewag w stosunku do innych rozwi\u0105za\u0144:<\/p>\n<p><strong>odporno\u015b\u0107 sieci na warunki atmosferyczne,<\/strong><\/p>\n<p><strong>odporno\u015b\u0107 na zaniki pr\u0105du &#8211; \u015bwiat\u0142owody nie wymagaj\u0105 punkt\u00f3w zasilania po\u015bredniego,<\/strong><\/p>\n<p><strong>odporno\u015b\u0107 na przepi\u0119cia i wy\u0142adowania atmosferyczne \u2013 \u015bwiat\u0142owody nie przewodz\u0105 pr\u0105du elektrycznego,<\/strong><\/p>\n<p><strong>ogromne przep\u0142ywno\u015bci Internetu, niedost\u0119pne przy wykorzystaniu innych technologii,<\/strong><\/p>\n<p><strong>mo\u017cliwo\u015b\u0107 korzystania z innych us\u0142ug telekomunikacyjnych, takich jak: telefon, telewizja analogowa oraz telewizja cyfrowa,<\/strong><\/p>\n<p><strong>otwarta droga do wprowadzenia nowych us\u0142ug.<\/strong><\/p>\n<p>&nbsp;<\/p>\n<p><img loading=\"lazy\" class=\"alignnone size-full wp-image-527\" src=\"\/wp-content\/uploads\/kosa6.jpg\" alt=\"kosa6\" width=\"615\" height=\"218\"><\/p>\n","protected":false},"excerpt":{"rendered":"<p>Zaproponowana przez Pro internet technologia, charakteryzuje si\u0119 szeregiem istotnych zalet i przewag w stosunku do innych rozwi\u0105za\u0144: odporno\u015b\u0107 sieci na warunki atmosferyczne, odporno\u015b\u0107 na zaniki pr\u0105du &#8211; \u015bwiat\u0142owody nie wymagaj\u0105 punkt\u00f3w zasilania po\u015bredniego, odporno\u015b\u0107 na przepi\u0119cia i wy\u0142adowania atmosferyczne \u2013 \u015bwiat\u0142owody nie przewodz\u0105 pr\u0105du elektrycznego, ogromne przep\u0142ywno\u015bci Internetu, niedost\u0119pne przy wykorzystaniu innych technologii, mo\u017cliwo\u015b\u0107 korzystania [&hellip;]<\/p>\n","protected":false},"author":3,"featured_media":0,"parent":0,"menu_order":0,"comment_status":"open","ping_status":"open","template":"","meta":[],"_links":{"self":[{"href":"https:\/\/www.kosakowo.net\/index.php?rest_route=\/wp\/v2\/pages\/502"}],"collection":[{"href":"https:\/\/www.kosakowo.net\/index.php?rest_route=\/wp\/v2\/pages"}],"about":[{"href":"https:\/\/www.kosakowo.net\/index.php?rest_route=\/wp\/v2\/types\/page"}],"author":[{"embeddable":true,"href":"https:\/\/www.kosakowo.net\/index.php?rest_route=\/wp\/v2\/users\/3"}],"replies":[{"embeddable":true,"href":"https:\/\/www.kosakowo.net\/index.php?rest_route=%2Fwp%2Fv2%2Fcomments&post=502"}],"version-history":[{"count":9,"href":"https:\/\/www.kosakowo.net\/index.php?rest_route=\/wp\/v2\/pages\/502\/revisions"}],"predecessor-version":[{"id":1829,"href":"https:\/\/www.kosakowo.net\/index.php?rest_route=\/wp\/v2\/pages\/502\/revisions\/1829"}],"wp:attachment":[{"href":"https:\/\/www.kosakowo.net\/index.php?rest_route=%2Fwp%2Fv2%2Fmedia&parent=502"}],"curies":[{"name":"wp","href":"https:\/\/api.w.org\/{rel}","templated":true}]}}