{"id":485,"date":"2013-08-05T12:17:08","date_gmt":"2013-08-05T10:17:08","guid":{"rendered":"http:\/\/www.new.kosakowo.net\/?page_id=485"},"modified":"2025-02-25T16:35:39","modified_gmt":"2025-02-25T15:35:39","slug":"zamow-rure","status":"publish","type":"page","link":"https:\/\/www.kosakowo.net\/?page_id=485","title":{"rendered":"RODO"},"content":{"rendered":"<p style=\"text-align: justify;\">Od dnia 25 maja 2018 r. obowi\u0105zuj\u0105 przepisy rozporz\u0105dzenia Parlamentu Europejskiego i Rady (UE) 2016\/679 z dnia 27 kwietnia 2016 r. w sprawie ochrony os\u00f3b fizycznych w zwi\u0105zku z\u00a0przetwarzaniem danych osobowych i w sprawie swobodnego przep\u0142ywu takich danych oraz uchylenia dyrektywy 95\/46\/WE (RODO). Najwa\u017cniejszym celem RODO jest wzmocnienie ochrony danych osobowych os\u00f3b fizycznych, kt\u00f3re s\u0105 gromadzone i\u00a0przetwarzane przez firmy oraz instytucje prowadz\u0105ce dzia\u0142alno\u015b\u0107 na terenie Unii Europejskiej.<\/p>\n<p style=\"text-align: justify;\">Nasza sp\u00f3\u0142ka przywi\u0105zuje du\u017c\u0105 wag\u0119 do spe\u0142nienia wymaga\u0144 wynikaj\u0105cych z RODO. Poni\u017cej przedstawiamy wi\u0119c dla Pa\u0144stwa niezb\u0119dne informacje dotycz\u0105ce stosowania przez nas nowych regulacji z zakresu ochrony danych osobowych.<\/p>\n<p style=\"text-align: justify;\">Administratorem Pa\u0144stwa danych osobowych jest PRO INTERNET sp\u00f3\u0142ka z ograniczon\u0105 odpowiedzialno\u015bci\u0105 sp\u00f3\u0142ka komandytow\u0105 z siedzib\u0105 w Gda\u0144sku, ul. L\u0119borska 23B, 80-387 Gda\u0144sk, wpisana do rejestru przedsi\u0119biorc\u00f3w przez S\u0105d Rejonowy Gda\u0144sk-P\u00f3\u0142noc VII Wydzia\u0142 Gospodarczy Krajowego Rejestru S\u0105dowego pod numerem KRS: 0000658523, REGON: 192663177, NIP: 9570820822 (dalej: \u201ePRO INTERNET\u201d).<\/p>\n<p style=\"text-align: justify;\">PRO INTERNET przetwarza Pa\u0144stwa dane osobowe tzn. zbiera je, utrwala, przechowuje, usuwa lub niszczy. Podanie danych osobowych jest dobrowolne, aczkolwiek bez nich nie b\u0119dziemy w stanie prawid\u0142owo wykona\u0107 zawartej umowy, np. dostarczy\u0107 sygna\u0142u telekomunikacyjnego czy wystawi\u0107 faktury.<\/p>\n<p style=\"text-align: justify;\">PRO INTERNET mo\u017ce przetwarza\u0107 Pa\u0144stwa dane osobowe w nast\u0119puj\u0105cych celach:<\/p>\n<p style=\"text-align: justify;\">a) zawarcia i wykonania umowy o \u015bwiadczenie us\u0142ug telekomunikacyjnych, w tym zapewnienia prawid\u0142owej jako\u015bci us\u0142ug (np. poprzez usuwanie awarii i sprawdzenie poprawno\u015bci dzia\u0142ania us\u0142ug) \u2013 przez czas trwania umowy i rozlicze\u0144 po jej zako\u0144czeniu (art. 6 ust. 1 pkt b RODO);<\/p>\n<p style=\"text-align: justify;\">b) wykonania obowi\u0105zk\u00f3w prawnych ci\u0105\u017c\u0105cych na administratorze, np.: wynikaj\u0105cych z ustaw podatkowych lub ustawy o rachunkowo\u015bci &#8211; przez czas, w kt\u00f3rym przepisy szczeg\u00f3lne nakazuj\u0105 przechowywa\u0107 takie dane (art. 6 ust. 1 pkt c RODO);<\/p>\n<p style=\"text-align: justify;\">c) wype\u0142niania obowi\u0105zk\u00f3w prawnych wynikaj\u0105cych z ustawy Prawo telekomunikacyjne, np. przechowywania danych o po\u0142\u0105czeniach na potrzeby przysz\u0142ych \u017c\u0105da\u0144 uprawnionych organ\u00f3w, zapewnienia bezpiecze\u0144stwa sieci, terminowego udzielania odpowiedzi na reklamacje, rozliczania si\u0119 z obowi\u0105zk\u00f3w na\u0142o\u017conych przez Urz\u0105d Komunikacji Elektronicznej &#8211; przez czas, w kt\u00f3rym administrator mo\u017ce ponie\u015b\u0107 konsekwencje prawne niewykonania obowi\u0105zku, np. otrzyma\u0107 kar\u0119 finansow\u0105 (art. 6 ust. 1 pkt c RODO);<\/p>\n<p style=\"text-align: justify;\">d) wykrywania nadu\u017cy\u0107 i zapobiegania im \u2013 przez czas trwania umowy (art. 6 ust. 1 pkt b RODO), a nast\u0119pnie przez okres, po kt\u00f3rym przedawni\u0105 si\u0119 roszczenia wynikaj\u0105ce z umowy, a w przypadku dochodzenia przez administratora roszcze\u0144 lub zawiadamiania w\u0142a\u015bciwych organ\u00f3w \u2013 przez czas trwania takich post\u0119powa\u0144 (art. 6 ust. 1 pkt f RODO);<\/p>\n<p style=\"text-align: justify;\">e) ustalenia, obrony i dochodzenia roszcze\u0144, co obejmuje m.in. sprzeda\u017c wierzytelno\u015bci z umowy innemu podmiotowi \u2013 przez okres, po kt\u00f3rym przedawni\u0105 si\u0119 roszczenia wynikaj\u0105ce z umowy (art. 6 ust. 1 pkt f RODO);<\/p>\n<p style=\"text-align: justify;\">f) marketingu bezpo\u015bredniego \u2013 przez czas trwania umowy (art. 6 ust. 1 pkt f RODO);<\/p>\n<p style=\"text-align: justify;\">g) tworzenia zestawie\u0144, analiz i statystyk na nasze potrzeby wewn\u0119trzne: obejmuje to w szczeg\u00f3lno\u015bci raportowanie, badania marketingowe, planowanie rozwoju us\u0142ug lub sieci, prace rozwojowe w systemach informatycznych, tworzenie modeli statystycznych (np. dotycz\u0105cych ochrony przychod\u00f3w) \u2013 przez czas trwania umowy, a nast\u0119pnie nie d\u0142u\u017cej ni\u017c przez okres, po kt\u00f3rym przedawni\u0105 si\u0119 roszczenia wynikaj\u0105ce z umowy (art. 6 ust. 1 pkt f RODO);<\/p>\n<p style=\"text-align: justify;\">h) weryfikacji wiarygodno\u015bci p\u0142atniczej \u2013 przez okres niezb\u0119dny do dokonania takiej oceny przy zawarciu, przed\u0142u\u017ceniu lub rozszerzeniu zakresu tej lub kolejnej umowy oraz do rozpatrywania zwi\u0105zanych z tym reklamacji (art. 6 ust. 1 pkt b RODO);<\/p>\n<p style=\"text-align: justify;\">i) wsparcia obs\u0142ugi, w tym poprzez informowanie o awariach, dostosowanie obs\u0142ugi w oparciu m.in. o dane o ofercie, z kt\u00f3rej korzystaj\u0105 abonenci, czy o dotychczas z\u0142o\u017conych reklamacjach \u2013 przez czas trwania umowy (art. 6 ust. 1 pkt f. RODO).<\/p>\n<p style=\"text-align: justify;\">j) je\u015bli abonent wyrazi zgod\u0119 na wykorzystywanie swoich danych, tre\u015b\u0107 tej zgody b\u0119dzie okre\u015bla\u0107, w jakim celu administrator b\u0119dzie przetwarza\u0107 te dane.<\/p>\n<p style=\"text-align: justify;\">Odbiorcami przekazanych przez Pa\u0144stwa danych osobowych mog\u0105 by\u0107 banki, firmy kurierskie lub ubezpieczyciele nale\u017cno\u015bci.<\/p>\n<p style=\"text-align: justify;\">Celem RODO jest zapewnienie ka\u017cdej osobie mo\u017cliwo\u015bci ochrony jej praw i wolno\u015bci oraz zapewnienie kontroli nad przetwarzaniem nale\u017c\u0105cych do niej danych. \u00a0W tym celu mog\u0105 Pa\u0144stwo skorzysta\u0107 ze swoich praw:<\/p>\n<p style=\"text-align: justify;\">&#8211; prawa dost\u0119pu do danych &#8211; osoba, kt\u00f3rej dane dotycz\u0105 ma prawo do otrzymania informacji m.in. jakie jej dane PRO INTERNET przetwarza, w jakich celach s\u0105 one przetwarzane, oraz uzyskania ich kopii;<\/p>\n<p style=\"text-align: justify;\">&#8211; prawa do usuni\u0119cia danych (prawo do bycia zapomnianym) \u2013 osoba, kt\u00f3rej dane dotycz\u0105 mo\u017ce wskaza\u0107 zakres i okoliczno\u015bci uzasadniaj\u0105ce wnioskowane usuni\u0119cie danych\u00a0 np. dane nie s\u0105 ju\u017c niezb\u0119dne do realizacji cel\u00f3w, dla kt\u00f3rych zosta\u0142y zebrane, a nie wyst\u0119puj\u0105 podstawy prawne do\u00a0 dalszego przetwarzania danych, dane s\u0105 przetwarzane niezgodnie z prawem;<\/p>\n<p style=\"text-align: justify;\">&#8211; prawa do przenoszenia danych &#8211; osoba, kt\u00f3rej dane dotycz\u0105 ma prawo otrzyma\u0107 w ustrukturyzowanym, powszechnie u\u017cywanym formacie nadaj\u0105cym si\u0119 do odczytu maszynowego dane osobowe jej dotycz\u0105ce, kt\u00f3re dostarczy\u0142a do PRO INTERNET;<\/p>\n<p style=\"text-align: justify;\">&#8211; prawa do ograniczenia przetwarzania danych &#8211; osoba, kt\u00f3rej dane dotycz\u0105 wskazuje, \u017ce wyst\u0105pi\u0142y przes\u0142anki okre\u015blone w art. 18 RODO dla ograniczenia przetwarzania jej danych np.\u00a0 PRO INTERNET nie potrzebuje pewnych danych, nie wyst\u0119puj\u0105 przes\u0142anki do dalszego ich przetwarzania a osoba, kt\u00f3rej dane dotycz\u0105 wnosi o wstrzymanie operacji na danych lub nieusuwanie danych;<\/p>\n<p style=\"text-align: justify;\">&#8211; prawo do sprostowania danych \u2013 w ka\u017cdym momencie, gdy zajdzie taka potrzeba osoba, kt\u00f3rej dane dotycz\u0105 informuje PRO INTERNET o zmianie swoich danych osobowych;<\/p>\n<p style=\"text-align: justify;\">&#8211; prawo sprzeciwu &#8211; w ka\u017cdym momencie mo\u017cna z\u0142o\u017cy\u0107 sprzeciw wobec przetwarzania danych w spos\u00f3b zautomatyzowany, w tym profilowania a tak\u017ce sprzeciw wobec oraz przetwarzania danych celach marketingowych;<\/p>\n<p style=\"text-align: justify;\">&#8211; je\u017celi przetwarzanie odbywa si\u0119 na podstawie zgody \u2013 prawo do cofni\u0119cia zgody w dowolnym momencie bez wp\u0142ywu na zgodno\u015b\u0107 z prawem przetwarzania, kt\u00f3rego dokonano na podstawie zgody przed jej cofni\u0119ciem.<\/p>\n<p style=\"text-align: justify;\">PRO INTERNET bez zb\u0119dnej zw\u0142oki \u2013 a w ka\u017cdym razie w terminie miesi\u0105ca od dnia wp\u0142yni\u0119cia wniosku \u2013 udziela osobie, kt\u00f3rej dane dotycz\u0105, informacji o dzia\u0142aniach podj\u0119tych w zwi\u0105zku z realizacj\u0105 ww. praw.<\/p>\n<p style=\"text-align: justify;\">Zar\u00f3wno w trakcie obowi\u0105zywania dotychczasowych przepis\u00f3w powszechnie obowi\u0105zuj\u0105cego prawa dotycz\u0105cych ochrony danych osobowych (ustawa o ochronie danych osobowych i rozporz\u0105dzanie wykonawcze do ustawy) jak i w \u015bwietle nowych przepis\u00f3w europejskich PRO INTERNET przetwarza Pa\u0144stwa dane z wykorzystaniem odpowiednich \u015brodk\u00f3w technicznych i organizacyjnych niezb\u0119dnych do zapewnienia bezpiecze\u0144stwa tych danych.<\/p>\n<p style=\"text-align: justify;\">Pa\u0144stwa dane osobowe stanowi\u0105 najcenniejsze zasoby dla naszej firmy. PRO INTERNET wdro\u017cy\u0142 wi\u0119c i wdra\u017ca odpowiednie \u015brodki techniczne i organizacyjne zapewniaj\u0105ce ochron\u0119 przetwarzania danych osobowych, w szczeg\u00f3lno\u015bci zabezpieczenia danych przed ich udost\u0119pnieniem osobom nieupowa\u017cnionym, zabraniem przez osob\u0119 nieuprawnion\u0105, utrat\u0105 oraz zmian\u0105, uszkodzeniem lub zniszczeniem. Ponadto wszelkie informacje dotycz\u0105ce relacji Klient \u2013 PRO INTERNET stanowi\u0105 prawnie chronion\u0105 tajemnic\u0105 przedsi\u0119biorstwa.<\/p>\n<p style=\"text-align: justify;\">Z dniem wej\u015bcia w \u017cycie RODO, PRO INTERNET wyznacza Inspektora Ochrony Danych, z kt\u00f3rym mo\u017cna kontaktowa\u0107 si\u0119 listownie kieruj\u0105c korespondencj\u0119 na adres PRO INTERNET z dopiskiem \u201eInspektor Ochrony Danych\u201d, b\u0105d\u017a na adres e-mail: <a href=\"mailto:iod@pro-internet.pl\" target=\"_blank\" rel=\"noopener noreferrer\">iod@pro-internet.pl<\/a><\/p>\n<p style=\"text-align: justify;\">Informujemy, \u017ce PRO INTERNET nie przekazuje Pa\u0144stwa danych do Pa\u0144stw trzecich, jak r\u00f3wnie\u017c nie stosuje narz\u0119dzi opartych na profilowaniu Klient\u00f3w.<\/p>\n","protected":false},"excerpt":{"rendered":"<p>Od dnia 25 maja 2018 r. obowi\u0105zuj\u0105 przepisy rozporz\u0105dzenia Parlamentu Europejskiego i Rady (UE) 2016\/679 z dnia 27 kwietnia 2016 r. w sprawie ochrony os\u00f3b fizycznych w zwi\u0105zku z\u00a0przetwarzaniem danych osobowych i w sprawie swobodnego przep\u0142ywu takich danych oraz uchylenia dyrektywy 95\/46\/WE (RODO). Najwa\u017cniejszym celem RODO jest wzmocnienie ochrony danych osobowych os\u00f3b fizycznych, kt\u00f3re s\u0105 [&hellip;]<\/p>\n","protected":false},"author":3,"featured_media":0,"parent":0,"menu_order":0,"comment_status":"open","ping_status":"open","template":"","meta":[],"_links":{"self":[{"href":"https:\/\/www.kosakowo.net\/index.php?rest_route=\/wp\/v2\/pages\/485"}],"collection":[{"href":"https:\/\/www.kosakowo.net\/index.php?rest_route=\/wp\/v2\/pages"}],"about":[{"href":"https:\/\/www.kosakowo.net\/index.php?rest_route=\/wp\/v2\/types\/page"}],"author":[{"embeddable":true,"href":"https:\/\/www.kosakowo.net\/index.php?rest_route=\/wp\/v2\/users\/3"}],"replies":[{"embeddable":true,"href":"https:\/\/www.kosakowo.net\/index.php?rest_route=%2Fwp%2Fv2%2Fcomments&post=485"}],"version-history":[{"count":12,"href":"https:\/\/www.kosakowo.net\/index.php?rest_route=\/wp\/v2\/pages\/485\/revisions"}],"predecessor-version":[{"id":2132,"href":"https:\/\/www.kosakowo.net\/index.php?rest_route=\/wp\/v2\/pages\/485\/revisions\/2132"}],"wp:attachment":[{"href":"https:\/\/www.kosakowo.net\/index.php?rest_route=%2Fwp%2Fv2%2Fmedia&parent=485"}],"curies":[{"name":"wp","href":"https:\/\/api.w.org\/{rel}","templated":true}]}}