{"id":2099,"date":"2025-02-25T15:05:06","date_gmt":"2025-02-25T14:05:06","guid":{"rendered":"http:\/\/www.kosakowo.net\/?page_id=2099"},"modified":"2025-02-28T14:26:13","modified_gmt":"2025-02-28T13:26:13","slug":"udogodnienia-dla-osob-niepelnosprawnych","status":"publish","type":"page","link":"https:\/\/www.kosakowo.net\/?page_id=2099","title":{"rendered":"udogodnienia dla os\u00f3b niepe\u0142nosprawnych"},"content":{"rendered":"<p style=\"text-align: left;\">Szanowni Abonenci!<\/p>\n<p style=\"text-align: justify;\">Uprzejmie informujemy, \u017ce w Biurze Obs\u0142ugi Klienta Pro-internet w Gda\u0144sku, przy ul.&nbsp;L\u0119borskiej 23B, zapewniamy obs\u0142ug\u0119 os\u00f3b niepe\u0142nosprawnych, zgodnie z&nbsp;Rozporz\u0105dzeniem Ministra Administracji i Cyfryzacji z dnia 26 marca 2014r. w sprawie szczeg\u00f3\u0142owych wymaga\u0144 dotycz\u0105cych \u015bwiadczenia udogodnie\u0144 dla os\u00f3b niepe\u0142nosprawnych przez dostawc\u00f3w publicznie dost\u0119pnych us\u0142ug telefonicznych (Dz. U. z dnia 9 kwietnia 2014r., poz. 464).<\/p>\n<p><img loading=\"lazy\" class=\"wp-image-2116\" src=\"http:\/\/www.kosakowo.net\/wp-content\/uploads\/iko-niepelnosprawni1.jpg\" alt=\"\" width=\"190\" height=\"190\"> <img loading=\"lazy\" class=\"wp-image-2115\" src=\"http:\/\/www.kosakowo.net\/wp-content\/uploads\/iko-niepelnosprawni2.jpg\" alt=\"\" width=\"190\" height=\"190\"> <a href=\"https:\/\/pzgomaz.com\/notLogged?customer=Pro_Internet_Gdansk\"><img loading=\"lazy\" class=\"wp-image-2114\" title=\"T\u0142umacz polskiego j\u0119zyka migowego\" src=\"http:\/\/www.kosakowo.net\/wp-content\/uploads\/iko-niepelnosprawni3.jpg\" alt=\"\" width=\"190\" height=\"190\"><\/a><\/p>\n\n\n<p class=\"has-text-align-center\"><a rel=\"noreferrer noopener\" href=\"http:\/\/www.kosakowo.net\/newpdf\/konsument_big.pdf\" target=\"_blank\">umowa z konsumentem &#8211; pdf<\/a><\/p>\n\n\n\n<p class=\"has-text-align-center\"><a rel=\"noreferrer noopener\" href=\"http:\/\/www.kosakowo.net\/newpdf\/firma_big.pdf\" target=\"_blank\">umowa z firm\u0105 &#8211; pdf<\/a><\/p>\n","protected":false},"excerpt":{"rendered":"<p>Szanowni Abonenci! Uprzejmie informujemy, \u017ce w Biurze Obs\u0142ugi Klienta Pro-internet w Gda\u0144sku, przy ul.&nbsp;L\u0119borskiej 23B, zapewniamy obs\u0142ug\u0119 os\u00f3b niepe\u0142nosprawnych, zgodnie z&nbsp;Rozporz\u0105dzeniem Ministra Administracji i Cyfryzacji z dnia 26 marca 2014r. w sprawie szczeg\u00f3\u0142owych wymaga\u0144 dotycz\u0105cych \u015bwiadczenia udogodnie\u0144 dla os\u00f3b niepe\u0142nosprawnych przez dostawc\u00f3w publicznie dost\u0119pnych us\u0142ug telefonicznych (Dz. U. z dnia 9 kwietnia 2014r., poz. 464). [&hellip;]<\/p>\n","protected":false},"author":2,"featured_media":0,"parent":0,"menu_order":0,"comment_status":"closed","ping_status":"closed","template":"","meta":[],"_links":{"self":[{"href":"https:\/\/www.kosakowo.net\/index.php?rest_route=\/wp\/v2\/pages\/2099"}],"collection":[{"href":"https:\/\/www.kosakowo.net\/index.php?rest_route=\/wp\/v2\/pages"}],"about":[{"href":"https:\/\/www.kosakowo.net\/index.php?rest_route=\/wp\/v2\/types\/page"}],"author":[{"embeddable":true,"href":"https:\/\/www.kosakowo.net\/index.php?rest_route=\/wp\/v2\/users\/2"}],"replies":[{"embeddable":true,"href":"https:\/\/www.kosakowo.net\/index.php?rest_route=%2Fwp%2Fv2%2Fcomments&post=2099"}],"version-history":[{"count":31,"href":"https:\/\/www.kosakowo.net\/index.php?rest_route=\/wp\/v2\/pages\/2099\/revisions"}],"predecessor-version":[{"id":2143,"href":"https:\/\/www.kosakowo.net\/index.php?rest_route=\/wp\/v2\/pages\/2099\/revisions\/2143"}],"wp:attachment":[{"href":"https:\/\/www.kosakowo.net\/index.php?rest_route=%2Fwp%2Fv2%2Fmedia&parent=2099"}],"curies":[{"name":"wp","href":"https:\/\/api.w.org\/{rel}","templated":true}]}}