{"id":1654,"date":"2020-08-19T23:33:18","date_gmt":"2020-08-19T21:33:18","guid":{"rendered":"http:\/\/www.kosakowo.net\/?page_id=1654"},"modified":"2020-08-19T23:39:09","modified_gmt":"2020-08-19T21:39:09","slug":"wniosek-o-wydanie-warunkow","status":"publish","type":"page","link":"https:\/\/www.kosakowo.net\/?page_id=1654","title":{"rendered":"wniosek o wydanie warunk\u00f3w przy\u0142\u0105czenia"},"content":{"rendered":"<p style=\"text-align: center;\"><a href=\"http:\/\/kosakowo.net\/newpdf\/Wniosek-o-warunki-PRO-INTERNET.pdf\" target=\"_blank\" rel=\"noopener\">do pobrania wniosek o wydanie warunk\u00f3w przy\u0142\u0105czenia w formacie pdf<\/a><\/p>\n<p style=\"text-align: center;\"><a href=\"http:\/\/kosakowo.net\/newpdf\/Wniosek-o-warunki-PRO-INTERNET.doc\" target=\"_blank\" rel=\"noopener\">do pobrania wniosek o wydanie warunk\u00f3w przy\u0142\u0105czenia w formacie word<\/a><\/p>\n","protected":false},"excerpt":{"rendered":"<p>do pobrania wniosek o wydanie warunk\u00f3w przy\u0142\u0105czenia w formacie pdf do pobrania wniosek o wydanie warunk\u00f3w przy\u0142\u0105czenia w formacie word<\/p>\n","protected":false},"author":2,"featured_media":0,"parent":0,"menu_order":0,"comment_status":"closed","ping_status":"closed","template":"","meta":[],"_links":{"self":[{"href":"https:\/\/www.kosakowo.net\/index.php?rest_route=\/wp\/v2\/pages\/1654"}],"collection":[{"href":"https:\/\/www.kosakowo.net\/index.php?rest_route=\/wp\/v2\/pages"}],"about":[{"href":"https:\/\/www.kosakowo.net\/index.php?rest_route=\/wp\/v2\/types\/page"}],"author":[{"embeddable":true,"href":"https:\/\/www.kosakowo.net\/index.php?rest_route=\/wp\/v2\/users\/2"}],"replies":[{"embeddable":true,"href":"https:\/\/www.kosakowo.net\/index.php?rest_route=%2Fwp%2Fv2%2Fcomments&post=1654"}],"version-history":[{"count":4,"href":"https:\/\/www.kosakowo.net\/index.php?rest_route=\/wp\/v2\/pages\/1654\/revisions"}],"predecessor-version":[{"id":1659,"href":"https:\/\/www.kosakowo.net\/index.php?rest_route=\/wp\/v2\/pages\/1654\/revisions\/1659"}],"wp:attachment":[{"href":"https:\/\/www.kosakowo.net\/index.php?rest_route=%2Fwp%2Fv2%2Fmedia&parent=1654"}],"curies":[{"name":"wp","href":"https:\/\/api.w.org\/{rel}","templated":true}]}}