{"id":1431,"date":"2019-04-02T00:21:12","date_gmt":"2019-04-01T22:21:12","guid":{"rendered":"http:\/\/www.kosakowo.net\/?page_id=1431"},"modified":"2025-04-01T13:19:43","modified_gmt":"2025-04-01T11:19:43","slug":"internet-tv-telefon","status":"publish","type":"page","link":"https:\/\/www.kosakowo.net\/?page_id=1431","title":{"rendered":"internet + TV + telefon"},"content":{"rendered":"<p style=\"text-align: center;\"><img loading=\"lazy\" class=\"aligncenter size-full wp-image-2151\" src=\"http:\/\/www.kosakowo.net\/wp-content\/uploads\/elem2025a-2.gif\" alt=\"\" width=\"615\" height=\"593\" \/><\/p>\n<p>Oferta Pakiet\u00f3w Promocyjnych dost\u0119pna tylko dla konsument\u00f3w,\u00a0przy zawarciu umowy abonenckiej na minimum 24 miesi\u0105ce.<\/p>\n<p>Podane ceny s\u0105 cenami brutto (zawieraj\u0105 podatek VAT).<br \/>\nCennik obowi\u0105zuje od dnia 1 kwietnia 2025 roku.<\/p>\n","protected":false},"excerpt":{"rendered":"<p>Oferta Pakiet\u00f3w Promocyjnych dost\u0119pna tylko dla konsument\u00f3w,\u00a0przy zawarciu umowy abonenckiej na minimum 24 miesi\u0105ce. Podane ceny s\u0105 cenami brutto (zawieraj\u0105 podatek VAT). Cennik obowi\u0105zuje od dnia 1 kwietnia 2025 roku.<\/p>\n","protected":false},"author":2,"featured_media":0,"parent":0,"menu_order":0,"comment_status":"closed","ping_status":"closed","template":"","meta":[],"_links":{"self":[{"href":"https:\/\/www.kosakowo.net\/index.php?rest_route=\/wp\/v2\/pages\/1431"}],"collection":[{"href":"https:\/\/www.kosakowo.net\/index.php?rest_route=\/wp\/v2\/pages"}],"about":[{"href":"https:\/\/www.kosakowo.net\/index.php?rest_route=\/wp\/v2\/types\/page"}],"author":[{"embeddable":true,"href":"https:\/\/www.kosakowo.net\/index.php?rest_route=\/wp\/v2\/users\/2"}],"replies":[{"embeddable":true,"href":"https:\/\/www.kosakowo.net\/index.php?rest_route=%2Fwp%2Fv2%2Fcomments&post=1431"}],"version-history":[{"count":16,"href":"https:\/\/www.kosakowo.net\/index.php?rest_route=\/wp\/v2\/pages\/1431\/revisions"}],"predecessor-version":[{"id":2153,"href":"https:\/\/www.kosakowo.net\/index.php?rest_route=\/wp\/v2\/pages\/1431\/revisions\/2153"}],"wp:attachment":[{"href":"https:\/\/www.kosakowo.net\/index.php?rest_route=%2Fwp%2Fv2%2Fmedia&parent=1431"}],"curies":[{"name":"wp","href":"https:\/\/api.w.org\/{rel}","templated":true}]}}