{"id":1410,"date":"2019-04-01T23:22:51","date_gmt":"2019-04-01T21:22:51","guid":{"rendered":"http:\/\/www.kosakowo.net\/?page_id=1410"},"modified":"2024-05-27T18:44:05","modified_gmt":"2024-05-27T16:44:05","slug":"wykaz-prog-canal-prestige","status":"publish","type":"page","link":"https:\/\/www.kosakowo.net\/?page_id=1410","title":{"rendered":"CANAL+ PRESTIGE"},"content":{"rendered":"<p style=\"text-align: center;\"><img loading=\"lazy\" class=\"aligncenter size-full wp-image-2013\" src=\"http:\/\/www.kosakowo.net\/wp-content\/uploads\/canal11.gif\" alt=\"\" width=\"600\" height=\"616\" \/><\/p>\n<p style=\"text-align: center;\">Wykaz program\u00f3w mo\u017ce ulec zmianie.<\/p>\n<p style=\"text-align: center;\">Oferta Pakiet Canal+ Prestige dost\u0119pny tylko dla abonent\u00f3w<br \/>\nTV Kablowej Medium lub Optimum.<\/p>\n","protected":false},"excerpt":{"rendered":"<p>Wykaz program\u00f3w mo\u017ce ulec zmianie. Oferta Pakiet Canal+ Prestige dost\u0119pny tylko dla abonent\u00f3w TV Kablowej Medium lub Optimum.<\/p>\n","protected":false},"author":2,"featured_media":0,"parent":0,"menu_order":0,"comment_status":"closed","ping_status":"closed","template":"","meta":[],"_links":{"self":[{"href":"https:\/\/www.kosakowo.net\/index.php?rest_route=\/wp\/v2\/pages\/1410"}],"collection":[{"href":"https:\/\/www.kosakowo.net\/index.php?rest_route=\/wp\/v2\/pages"}],"about":[{"href":"https:\/\/www.kosakowo.net\/index.php?rest_route=\/wp\/v2\/types\/page"}],"author":[{"embeddable":true,"href":"https:\/\/www.kosakowo.net\/index.php?rest_route=\/wp\/v2\/users\/2"}],"replies":[{"embeddable":true,"href":"https:\/\/www.kosakowo.net\/index.php?rest_route=%2Fwp%2Fv2%2Fcomments&post=1410"}],"version-history":[{"count":13,"href":"https:\/\/www.kosakowo.net\/index.php?rest_route=\/wp\/v2\/pages\/1410\/revisions"}],"predecessor-version":[{"id":2015,"href":"https:\/\/www.kosakowo.net\/index.php?rest_route=\/wp\/v2\/pages\/1410\/revisions\/2015"}],"wp:attachment":[{"href":"https:\/\/www.kosakowo.net\/index.php?rest_route=%2Fwp%2Fv2%2Fmedia&parent=1410"}],"curies":[{"name":"wp","href":"https:\/\/api.w.org\/{rel}","templated":true}]}}