{"id":1046,"date":"2016-04-22T15:06:46","date_gmt":"2016-04-22T13:06:46","guid":{"rendered":"http:\/\/www.kosakowo.net\/?page_id=1046"},"modified":"2016-04-22T15:10:33","modified_gmt":"2016-04-22T13:10:33","slug":"rozporzadzenie-ue-20152120","status":"publish","type":"page","link":"https:\/\/www.kosakowo.net\/?page_id=1046","title":{"rendered":"Rozporz\u0105dzenie UE 2015\/2120"},"content":{"rendered":"<div class=\"headersLine\">\n<div class=\"gwt-Label headersListF2\" style=\"text-align: center;\"><strong>Rozporz\u0105dzenie UE 2015\/2120 w sprawie dost\u0119pu do otwartego Internetu<\/strong><\/div>\n<\/div>\n<p align=\"JUSTIFY\">Pro-internet sp. z o.o. z siedzib\u0105 w Gda\u0144sku informuje, i\u017c od dnia 30 kwietnia 2016r. zmianie ulegnie Regulamin \u015bwiadczenia us\u0142ug telekomunikacyjnych. Zmiany w Regulaminie wynikaj\u0105 bezpo\u015brednio ze zmiany przepis\u00f3w prawa i s\u0105 konsekwencj\u0105 wej\u015bcia w \u017cycie Rozporz\u0105dzenia Parlamentu Europejskiego i Rady (UE) 2015\/2120 z dnia 25 listopada 2015r. ustanawiaj\u0105cego \u015brodki dotycz\u0105ce dost\u0119pu do otwartego Internetu oraz zmieniaj\u0105ce dyrektyw\u0119 2002\/22\/WE w sprawie us\u0142ugi powszechnej i zwi\u0105zanych z sieciami i us\u0142ugami \u0142\u0105czno\u015bci elektronicznej praw u\u017cytkownik\u00f3w.<\/p>\n<p align=\"JUSTIFY\">W zwi\u0105zku z powy\u017cszym, do tre\u015bci Regulaminu \u015bwiadczenia us\u0142ug telekomunikacyjnych przez Pro-internet Sp. z o.o. w \u00a7 29 dodaje si\u0119 nowe ust. 11\u00f715 o nast\u0119puj\u0105cym brzmieniu:<\/p>\n<ol start=\"11\">\n<li>\n<p align=\"JUSTIFY\"><i>\u015arodki zarz\u0105dzania ruchem stosowane przez Dostawc\u0119, o kt\u00f3rych mowa w ust. 10 powy\u017cej mog\u0105 mie\u0107 przej\u015bciowy wp\u0142yw na jako\u015b\u0107 \u015bwiadczonej Us\u0142ugi Internetowej jednak nie maj\u0105 wp\u0142ywu na prywatno\u015b\u0107 Abonenta ani ochron\u0119 jego danych osobowych, z zastrze\u017ceniem zdania drugiego. W wyj\u0105tkowych przypadkach, gdy b\u0119dzie to niezb\u0119dne z uwagi na cele okre\u015blone przepisami prawa, podj\u0119cie przez Dostawc\u0119 us\u0142ug \u015brodk\u00f3w zarz\u0105dzania ruchem mo\u017ce spowodowa\u0107 czasowe obni\u017cenie jako\u015bci \u015bwiadczonej Us\u0142ugi poprzez spowolnienie pr\u0119dko\u015bci transmisji danych, a w szczeg\u00f3lnych, wyj\u0105tkowych przypadkach okre\u015blonych w przepisach prawa powszechnie obowi\u0105zuj\u0105cego \u2013 mo\u017ce mie\u0107 r\u00f3wnie\u017c przej\u015bciowy wp\u0142yw na prywatno\u015b\u0107 Abonenta lub zakres ochrony jego danych osobowych.<\/i><\/p>\n<\/li>\n<li>\n<p align=\"JUSTIFY\"><i>Dostawca w Cenniku lub w Umowie deklaruje okre\u015blon\u0105 pr\u0119dko\u015b\u0107 (pojemno\u015b\u0107) \u0142\u0105cza, co oznacza maksymaln\u0105 dost\u0119pn\u0105 przep\u0142ywno\u015b\u0107 w ramach danego pakietu. Faktycznie dost\u0119pna dla Abonenta w danej chwili przepustowo\u015b\u0107 \u0142\u0105cza mo\u017ce r\u00f3\u017cni\u0107 si\u0119 od maksymalnej i uzale\u017cniona jest w szczeg\u00f3lno\u015bci od: bie\u017c\u0105cych mo\u017cliwo\u015bci sieci telekomunikacyjnej w tym ogranicze\u0144 technologicznych tej sieci, mo\u017cliwo\u015bci technicznych oraz stanu technicznego urz\u0105dzenia Abonenta, przeci\u0105\u017ce\u0144 sieci telekomunikacyjnej, na kt\u00f3r\u0105 wp\u0142yw maj\u0105 m.in. dzia\u0142ania innych operator\u00f3w telekomunikacyjnych lub innych u\u017cytkownik\u00f3w sieci, a tak\u017ce \u2013 w przypadku sieci bezprzewodowych \u2013 warunki atmosferyczne. W przypadku Us\u0142ugi Internetowej zwykle dost\u0119pna pr\u0119dko\u015b\u0107 \u0142\u0105czna nie powinna r\u00f3\u017cni\u0107 si\u0119 od deklarowanej pr\u0119dko\u015bci maksymalnej o wi\u0119cej ni\u017c 10\u00a0%. Obni\u017cenie pr\u0119dko\u015bci mo\u017ce tymczasowo wp\u0142ywa\u0107 na spowolnienie mo\u017cliwo\u015bci korzystania okre\u015blonych tre\u015bci, aplikacji lub us\u0142ug, w szczeg\u00f3lno\u015bci tych, kt\u00f3re wymagaj\u0105 wy\u017cszej pr\u0119dko\u015bci ni\u017c aktualnie dost\u0119pna.<\/i><\/p>\n<\/li>\n<li>\n<p align=\"JUSTIFY\"><i>Z uwagi na deklarowan\u0105 przez Dostaw\u0119 pojemno\u015b\u0107 \u0142\u0105cza, korzystanie za po\u015brednictwem Us\u0142ugi Internetu z poszczeg\u00f3lnych tre\u015bci, aplikacji lub us\u0142ug wymagaj\u0105cych wy\u017cszej pr\u0119dko\u015bci transmisji danych ni\u017c deklarowana zgodnie z pakietem, z kt\u00f3rego korzysta Abonent na podstawie Umowy, mo\u017ce by\u0107 utrudnione lub niemo\u017cliwe. W szczeg\u00f3lno\u015bci w przypadku jednoczesnego korzystania z tre\u015bci, aplikacji lub us\u0142ugi wymagaj\u0105cej zbli\u017conej do maksymalnej deklarowanej pr\u0119dko\u015bci lub w przypadku wyst\u0105pienia tymczasowych przeci\u0105\u017ce\u0144 Sieci, r\u00f3wnoczesne korzystanie z innych tre\u015bci, aplikacji lub us\u0142ug mo\u017ce by\u0107 utrudnione lub niemo\u017cliwe.<\/i><\/p>\n<\/li>\n<li>\n<p align=\"JUSTIFY\"><i>Korzystanie z innych Us\u0142ug Telewizji Kablowej oraz Us\u0142ugi Telefonicznej \u015bwiadczonych przez Dostawc\u0119 za pomoc\u0105 Sieci nie ma wp\u0142ywu na pr\u0119dko\u015b\u0107 pobierania i wysy\u0142ania danych w ramach Us\u0142ug Internetowych. Dostawca \u015bwiadczy Us\u0142ugi wy\u0142\u0105cznie wtedy, gdy przepustowo\u015b\u0107 Sieci umo\u017cliwia r\u00f3wnoczesne korzystanie ze wszystkich Us\u0142ug pozostaje bez wp\u0142ywu na ich jako\u015b\u0107.<\/i><\/p>\n<\/li>\n<li>\n<p align=\"JUSTIFY\"><i>W przypadkach jakichkolwiek sta\u0142ych lub regularnie powtarzaj\u0105cych si\u0119 istotnych rozbie\u017cno\u015bci pomi\u0119dzy faktycznym wykonaniem Us\u0142ugi Internetowej na rzecz Abonenta b\u0119d\u0105cego konsumentem pod wzgl\u0119dem pr\u0119dko\u015bci lub innych parametr\u00f3w jako\u015bci Us\u0142ug a wykonaniem gwarantowanym w niniejszym Regulaminie, rozbie\u017cno\u015bci takie stanowi\u0105 nienale\u017cyte wykonanie Umowy w rozumieniu przepis\u00f3w prawa. Abonentowi b\u0119d\u0105cemu Konsumentem przys\u0142uguje w takiej sytuacji uprawnienie do z\u0142o\u017cenia reklamacji zgodnie z postanowieniami Rozdzia\u0142u V niniejszego Regulaminu.<\/i><\/p>\n<\/li>\n<\/ol>\n<p align=\"JUSTIFY\">Z uwagi na to, \u017ce zmiany wynikaj\u0105 wy\u0142\u0105cznie i bezpo\u015brednio ze zmiany przepis\u00f3w prawa, zmiana zostaje na podstawie art. 60a ust. 3a ustawy z dnia 16 lipca 2004 r. Prawo telekomunikacyjne (tj. Dz.U. z 2014r. poz. 243 z p\u00f3\u017an. zm.) opublikowana na stronie internetowej Pro-internet Sp. z o.o. W przypadku braku akceptacji proponowanych zmian, maj\u0105 Pa\u0144stwo prawo do pisemnego wypowiedzenia aktualnie obowi\u0105zuj\u0105cej umowy o \u015bwiadczenie us\u0142ug telekomunikacyjnych w terminie do 30 kwietnia 2016 roku. Jednocze\u015bnie informujemy, \u017ce z uwagi na konieczno\u015b\u0107 dostosowania wzorca regulaminu do obowi\u0105zuj\u0105cego stanu prawnego, skorzystanie przez Pa\u0144stwa z prawa do wypowiedzenia umowy spowoduje konieczno\u015b\u0107 zwrotu ulgi, o kt\u00f3rej mowa w art. 57 ust. 6 Prawa telekomunikacyjnego. Brak pisemnego wypowiedzenia umowy w powy\u017cszym terminie oznacza\u0107 b\u0119dzie kontynuacj\u0119 \u015bwiadczenia na Pa\u0144stwa rzecz us\u0142ug telekomunikacyjnych i akceptacj\u0119 zmienionego Regulaminu.<\/p>\n","protected":false},"excerpt":{"rendered":"<p>Rozporz\u0105dzenie UE 2015\/2120 w sprawie dost\u0119pu do otwartego Internetu Pro-internet sp. z o.o. z siedzib\u0105 w Gda\u0144sku informuje, i\u017c od dnia 30 kwietnia 2016r. zmianie ulegnie Regulamin \u015bwiadczenia us\u0142ug telekomunikacyjnych. Zmiany w Regulaminie wynikaj\u0105 bezpo\u015brednio ze zmiany przepis\u00f3w prawa i s\u0105 konsekwencj\u0105 wej\u015bcia w \u017cycie Rozporz\u0105dzenia Parlamentu Europejskiego i Rady (UE) 2015\/2120 z dnia 25 [&hellip;]<\/p>\n","protected":false},"author":2,"featured_media":0,"parent":0,"menu_order":0,"comment_status":"closed","ping_status":"closed","template":"","meta":[],"_links":{"self":[{"href":"https:\/\/www.kosakowo.net\/index.php?rest_route=\/wp\/v2\/pages\/1046"}],"collection":[{"href":"https:\/\/www.kosakowo.net\/index.php?rest_route=\/wp\/v2\/pages"}],"about":[{"href":"https:\/\/www.kosakowo.net\/index.php?rest_route=\/wp\/v2\/types\/page"}],"author":[{"embeddable":true,"href":"https:\/\/www.kosakowo.net\/index.php?rest_route=\/wp\/v2\/users\/2"}],"replies":[{"embeddable":true,"href":"https:\/\/www.kosakowo.net\/index.php?rest_route=%2Fwp%2Fv2%2Fcomments&post=1046"}],"version-history":[{"count":2,"href":"https:\/\/www.kosakowo.net\/index.php?rest_route=\/wp\/v2\/pages\/1046\/revisions"}],"predecessor-version":[{"id":1052,"href":"https:\/\/www.kosakowo.net\/index.php?rest_route=\/wp\/v2\/pages\/1046\/revisions\/1052"}],"wp:attachment":[{"href":"https:\/\/www.kosakowo.net\/index.php?rest_route=%2Fwp%2Fv2%2Fmedia&parent=1046"}],"curies":[{"name":"wp","href":"https:\/\/api.w.org\/{rel}","templated":true}]}}